{"id":810,"date":"2019-08-25T12:07:50","date_gmt":"2019-08-25T10:07:50","guid":{"rendered":"http:\/\/localhost\/wordpress\/?page_id=810"},"modified":"2022-12-18T17:20:56","modified_gmt":"2022-12-18T16:20:56","slug":"diffusion-et-rayonnement","status":"publish","type":"page","link":"https:\/\/www-l2ti.univ-paris13.fr\/~mokraoui\/recherche\/diffusion-et-rayonnement\/","title":{"rendered":"Diffusion et rayonnement"},"content":{"rendered":"\n<h3>Expertise scientifique<\/h3>\n\n\n\n<p>En construction...<\/p>\n\n\n\n<h3>Collaborations internationales<\/h3>\n\n\n\n<ul><li> S\u00e9jour scientifique d'une semaine \u00e0  l'ETS, Laboratoire LIVIA,   Montr\u00e9al,  23 septembre au 29 septembre 2022  (Prof. Ismail BEN AYED) . <\/li><li>S\u00e9jour scientifique d'une semaine \u00e0  l'UTAR en Malaisie, 1er Juillet 2019  (Prof. Yoon Choon CHANG) .<\/li><li>Universit\u00e9 de Darmstadt en Allemagne depuis 2018 (Prof. Marius PESAVENTO).<\/li><li> Ecole Polytechnique d'Alger depuis septembre 2015 ( Prof. Adel BELOUCHRANI).<\/li><li> Universit\u00e9 UTAR en Malaise depuis septembre 2014  (Prof. Yoon Choon CHANG).<\/li><li> Ecole Nationale d'Ing\u00e9nieurs de Tunisie (ENIT)  depuis 2015  (Prof. Zi\u00e8d LACHIRI).<\/li><li> Institut d'Informatique et de Multim\u00e9dia de  Gab\u00e8s (ISIMG) de Tunisie depuis 2016  (Prof. Tarek FRIKHA).<\/li><li>University of Engineering and Technology)  VNU, Hanoi (Vietnam) depuis 2011 (Prof. Nguyen LINH-TRUNG ). <\/li><li>Universit\u00e9 des sciences et de la technologie de Houari Boumedi\u00e8ne (USTHB), Alger depuis 2011 (Prof. Amina SERIR).<\/li><li>S\u00e9jour scientifique d'une semaine \u00e0  l'University of Engineering and Technology),  VNU, Hanoi (Vietnam) en Mai 2012 (Prof. Nguyen LINH-TRUNG).<\/li><\/ul>\n\n\n\n<h3>Jurys de th\u00e8se et d'HDR<\/h3>\n\n\n\n<ul><li>Participation \u00e0 24 jurys de th\u00e8se (hors propres doctorants) <\/li><li>Participation \u00e0 4 jurys d'HDR <\/li><\/ul>\n\n\n\n<h3>Organisation de colloques<\/h3>\n\n\n\n<p>En construction...<\/p>\n\n\n\n<h3>Vulgarisation de la recherche<\/h3>\n\n\n\n<p>Vulgarisation de la recherche aupr\u00e8s de coll\u00e9giens et lyc\u00e9ens dans le cadre de la manifestation  \"savante banlieue\" organis\u00e9e \u00e0 l'universit\u00e9 Paris 13 par plaine commune : <\/p>\n\n\n\n<ul><li>Organisation du stand sur le th\u00e8me de l'analyse et le traitement de contenus multim\u00e9dia, le 13-14  octobre 2016.<\/li><li>Une mini-conf\u00e9rence : Perception visuelle 3D, le 11 octobre 2018.<\/li><li>Une mini-conf\u00e9rence : Codage et qualit\u00e9 de contenus visuels 2D-3D,  le 09\/10\/2015 savante banlieue.<\/li><li> Trois mini-conf\u00e9rences : Codage et qualit\u00e9 de contenus visuels 2D-3D, le 10 octobre 2014.<\/li><li> Une mini-conf\u00e9rence : Compression d'images, le 13 octobre 2011.<\/li><li> Une mini-conf\u00e9rence : Compression d'images , le 22 octobre 2010, annul\u00e9e).<\/li><li> Une mini-conf\u00e9rence : Compression d'images, le  20 novembre 2009.<\/li><li> Deux mini-conf\u00e9rences : Compression d'images, le 20-21 novembre 2008.<\/li><li> Deux mini-conf\u00e9rences  : Compression d'images , 12 octobre 2007.<\/li><\/ul>\n\n\n\n<p><\/p>\n","protected":false},"excerpt":{"rendered":"<p>Expertise scientifique En construction... Collaborations internationales S\u00e9jour scientifique d'une semaine \u00e0 l'ETS, Laboratoire LIVIA, Montr\u00e9al, 23 septembre au 29 septembre 2022 (Prof. Ismail BEN AYED) . S\u00e9jour scientifique d'une semaine \u00e0 l'UTAR en Malaisie, 1er Juillet 2019 (Prof. Yoon Choon<a class=\"moretag\" href=\"https:\/\/www-l2ti.univ-paris13.fr\/~mokraoui\/recherche\/diffusion-et-rayonnement\/\"> Read More<\/a><\/p>\n","protected":false},"author":1,"featured_media":0,"parent":24,"menu_order":5,"comment_status":"closed","ping_status":"closed","template":"","meta":[],"_links":{"self":[{"href":"https:\/\/www-l2ti.univ-paris13.fr\/~mokraoui\/wp-json\/wp\/v2\/pages\/810"}],"collection":[{"href":"https:\/\/www-l2ti.univ-paris13.fr\/~mokraoui\/wp-json\/wp\/v2\/pages"}],"about":[{"href":"https:\/\/www-l2ti.univ-paris13.fr\/~mokraoui\/wp-json\/wp\/v2\/types\/page"}],"author":[{"embeddable":true,"href":"https:\/\/www-l2ti.univ-paris13.fr\/~mokraoui\/wp-json\/wp\/v2\/users\/1"}],"replies":[{"embeddable":true,"href":"https:\/\/www-l2ti.univ-paris13.fr\/~mokraoui\/wp-json\/wp\/v2\/comments?post=810"}],"version-history":[{"count":25,"href":"https:\/\/www-l2ti.univ-paris13.fr\/~mokraoui\/wp-json\/wp\/v2\/pages\/810\/revisions"}],"predecessor-version":[{"id":946,"href":"https:\/\/www-l2ti.univ-paris13.fr\/~mokraoui\/wp-json\/wp\/v2\/pages\/810\/revisions\/946"}],"up":[{"embeddable":true,"href":"https:\/\/www-l2ti.univ-paris13.fr\/~mokraoui\/wp-json\/wp\/v2\/pages\/24"}],"wp:attachment":[{"href":"https:\/\/www-l2ti.univ-paris13.fr\/~mokraoui\/wp-json\/wp\/v2\/media?parent=810"}],"curies":[{"name":"wp","href":"https:\/\/api.w.org\/{rel}","templated":true}]}}