{"id":81,"date":"2019-06-17T11:27:36","date_gmt":"2019-06-17T09:27:36","guid":{"rendered":"http:\/\/localhost\/wordpress\/?page_id=81"},"modified":"2024-02-15T17:37:58","modified_gmt":"2024-02-15T16:37:58","slug":"projects","status":"publish","type":"page","link":"https:\/\/www-l2ti.univ-paris13.fr\/~mokraoui\/recherche\/projects\/","title":{"rendered":"Responsabilit\u00e9s scientifiques"},"content":{"rendered":"\n<p> <\/p>\n\n\n\n<h3>Responsable scientifique d'\u00e9quipe<\/h3>\n\n\n\n<p>Depuis d\u00e9cembre 2016, je suis responsable de l'<strong>\u00e9quipe \"Multim\u00e9dia<\/strong>\"  (anciennement ATIV Analyse et Traitement de l'Information Visuelle) du laboratoire L2TI.<\/p>\n\n\n\n<h3>Co-responsable scientifique d'axe <\/h3>\n\n\n\n<p>Depuis 2016, je suis co-responsable de l'axe 1 <strong>\"Optimisation et apprentissage appliqu\u00e9s aux contenus num\u00e9riques\"<\/strong> de la  <strong>F\u00e9d\u00e9ration de Recherche Math-STIC<\/strong>  (FR 3734 CNRS)   de l'universit\u00e9 Paris 13 .<\/p>\n\n\n\n<h3>Projets de recherche<\/h3>\n\n\n\n<h4>[1] Programmes de recherche internationaux (Campus France)<\/h4>\n\n\n\n<h5><strong>PHC Galileo 2014<\/strong><\/h5>\n\n\n\n<ul>\n<li>Participation au montage du projet de coop\u00e9ration internationale PHC Galileo 2014 avec le DIET Universit\u00e0di Roma \u201dLa Sapienza\u201d Italie<\/li>\n\n\n\n<li>Th\u00e9matique : Multiview Post-Processing using perceptual fusion approach for free-view point <\/li>\n\n\n\n<li>Date de d\u00e9but :<strong> <\/strong>Septembre 2013 (12 mois)   <\/li>\n\n\n\n<li>Porteur : Azeddine BEGHDADI  (Universit\u00e9 Paris 13, L2TI) ; Stefania COLONNESE (partenaire Universit\u00e0di Roma, Italie).  <\/li>\n<\/ul>\n\n\n\n<h5> <strong>PHC HOA SEN LOTUS<\/strong> 2012 <\/h5>\n\n\n\n<ul>\n<li>Participation au projet de coop\u00e9ration internationale <strong>PHC HOA SEN LOTUS 2012 <\/strong>avec la Faculty of Electronics and Telecommunications University of Engineering and Technology (VNU-UET), Vietnam <\/li>\n\n\n\n<li> Th\u00e9matique : Cross-layer cooperative communications coding National University, Hanoi (VNU) :<\/li>\n\n\n\n<li> Date de d\u00e9but : Avril 2012 (24 mois)<\/li>\n\n\n\n<li>Porteur : Pierre DUHAMEL (LSS\/CNRS Supelec Gif sur Yvette); Linh Trung Nguyen. <\/li>\n<\/ul>\n\n\n\n<h5> <strong>CMEP Ta<\/strong>ssili 2006<\/h5>\n\n\n\n<ul>\n<li> Participation au montage du projet <strong>CMEP Tassili <\/strong>(Comit\u00e9 Mixte d\u2019Evaluation et de Prospec\u00adtive de la coop\u00e9ration inter-universitaire franco-alg\u00e9rienne) :<\/li>\n\n\n\n<li> Th\u00e9matique : Syst\u00e8me de compression, d\u2019authentification et d\u2019identification orient\u00e9biom\u00e9trie \u2013 <\/li>\n\n\n\n<li>Date de d\u00e9but : Septembre 2006 (48 mois )<\/li>\n\n\n\n<li> Porteur : Azeddine BEGHDADI (Universit\u00e9 Paris 13) <\/li>\n\n\n\n<li>Partenaires : Universit\u00e9 des Sciences et de la Technologie de Houari -   Boumedienne (USTHB, Alger), Universit\u00e9 Paris 13. <\/li>\n<\/ul>\n\n\n\n<h4>[2] Projets nationaux<\/h4>\n\n\n\n<p><\/p>\n\n\n\n<h5>Contrat CIFRE 2024<\/h5>\n\n\n\n<ul>\n<li>Th\u00e9matique :   Optimisation de la qualit\u00e9 vid\u00e9o \u00e0 l\u2019encodage et au d\u00e9codage bas\u00e9e Intelligence Artificielle  <\/li>\n\n\n\n<li>Date de d\u00e9but : Janvier 2024 - D\u00e9cembre 2026<\/li>\n\n\n\n<li>Porteur : Anissa MOKRAOUI<\/li>\n\n\n\n<li>Partenaires :  Entreprise VITEC<\/li>\n\n\n\n<li>Membres impliqu\u00e9s du L2TI ; Kra Tchimbie Cyrille Landry KOFFI<\/li>\n<\/ul>\n\n\n\n<h5>Contrat PhD r\u00e9gion ile de France 2023<\/h5>\n\n\n\n<ul>\n<li>Th\u00e9matique : D\u00e9tection d'objets dans des images a\u00e9riennes en r\u00e9gime few-shot <\/li>\n\n\n\n<li>Date de d\u00e9but : Octobre 2023 - D\u00e9cembre 2026<\/li>\n\n\n\n<li>Porteur : Anissa MOKRAOUI<\/li>\n\n\n\n<li>Partenaires :  Entreprise COSE<\/li>\n\n\n\n<li>Membres impliqu\u00e9s du L2TI ; Hicham TALAOUBRID, Ismail Ben AYED<\/li>\n<\/ul>\n\n\n\n<h5>Contrat ANR 2022  :  Laboratoire Commun (LabCom) Intelligence, ReconnaIssance et SurveillancE R\u00e9active (IRISER)  <\/h5>\n\n\n\n<ul>\n<li> Th\u00e9matique : Intelligence, ReconnaIssance et SurveillancE R\u00e9active LabCom IRISER (<a href=\"https:\/\/www-l2ti.univ-paris13.fr\/iriser\/\" data-type=\"URL\" data-id=\"https:\/\/www-l2ti.univ-paris13.fr\/iriser\/\">https:\/\/www-l2ti.univ-paris13.fr\/iriser\/<\/a>)<\/li>\n\n\n\n<li> Description : Le LabCom IRISER vise \u00e0 proposer, \u00e0 ma\u00eetriser debout en bout le comportement et  les performances des syst\u00e8mes intelligents voire embarqu\u00e9s destin\u00e9s \u00e0 la vision artificielle pour l'analyse  rapide et automatis\u00e9e des images\/vid\u00e9os (de tr\u00e8s grandes tailles, multispectrales g\u00e9or\u00e9f\u00e9renc\u00e9es de hautes r\u00e9solutions) captur\u00e9es \u00e0 bord des a\u00e9ronefs de COSE en s'appuyant sur des strat\u00e9gies de traitement de  l'information visuelle et d'apprentissage automatique. <\/li>\n\n\n\n<li>Date de d\u00e9but : Avril 2022 (54 mois)<\/li>\n\n\n\n<li>Porteur : Anissa MOKRAOUI<\/li>\n\n\n\n<li>Partenaires :  LIPN, COSE<\/li>\n<\/ul>\n\n\n\n<h5>Contrat CIFRE  2020<\/h5>\n\n\n\n<ul>\n<li>Th\u00e9matique :  D\u00e9tection, classification et suivi d\u2019objets par apprentissage sur des flux d\u2019images Application au renseignement a\u00e9rien  <\/li>\n\n\n\n<li>Date de d\u00e9but : Octobre 2020 - Octobre 2023<\/li>\n\n\n\n<li>Porteur : Anissa MOKRAOUI<\/li>\n\n\n\n<li>Partenaires :  Entreprise COSE<\/li>\n\n\n\n<li>Membres impliqu\u00e9s du L2TI ; Pierre Le JEUNE<\/li>\n<\/ul>\n\n\n\n<h5>Contrat ANR 2006<\/h5>\n\n\n\n<ul>\n<li>Participation au montage du projet ANR <strong>DITEMOI <\/strong>(DIffusion et TEl\u00e9chargement sur lien MObile Ip)<\/li>\n\n\n\n<li>Th\u00e9matique : Am\u00e9lioration de la robustesse et de l\u2019efficacit\u00e9du t\u00e9l\u00e9chargement et de la diffusion de contenu sur les liens Internet sans fil<\/li>\n\n\n\n<li>Date de d\u00e9but : Novembre 2007 (36 mois)<\/li>\n\n\n\n<li>Porteur : Catherine LAMY-BERGOT (Thal\u00e8s); Partenaires : Thal\u00e8s Communications, COMSIS, ENST Paris, LSS\/CNRS Supelec Gif sur Yvette<\/li>\n<\/ul>\n\n\n\n<h4>[3] Projets  de coop\u00e9ration internationale inter-universitaire  de l'universit\u00e9 Paris 13 (SREI)<\/h4>\n\n\n\n<ul>\n<li>Participation au montage du projet de coop\u00e9ration internationale avec l\u2019Institut de Math\u00e9matiques de Hanoi de l\u2019Acad\u00e9mie des Sciences et de la Technologie du Vietnam (VAST) ; et l\u2019Institut des Tech\u00adnologies de l\u2019Information de Hanoi (IOIT) de la VAST, Vietnam<\/li>\n\n\n\n<li> Th\u00e9matique : Restauration optimis\u00e9e - Echanges de m\u00e9thodes math\u00e9matiques appliqu\u00e9es en images <\/li>\n\n\n\n<li>Date de d\u00e9but : Septembre 2011 (12 mois)<\/li>\n\n\n\n<li>Porteur : Marie LUONG  (Universit\u00e9 Paris 13, L2TI). <\/li>\n<\/ul>\n\n\n\n<ul>\n<li>Participation au montage du projet de coop\u00e9ration internationale avec l\u2019Institut de Math\u00e9matiques de Hanoi de l\u2019Acad\u00e9mie des Sciences et de la Technologie du Vietnam (VAST) ; la Faculty of Electro-nics and Telecommunications of University of Engineering and Technology (UET of Coltech, Hanoi) et l\u2019Universit\u00e9Nationale et l\u2019Institut des Technologies de l\u2019Information de Hanoi, Vietnam<\/li>\n\n\n\n<li> Th\u00e9matique : Restauration optimis\u00e9e et am\u00e9lioration de la robustesse de flux vid\u00e9o - Echanges de m\u00e9thodes math\u00e9matiques appliqu\u00e9es en images<\/li>\n\n\n\n<li>Date de d\u00e9but : Septembre 2010 (12 mois)<\/li>\n\n\n\n<li>Porteur : Marie LUONG  (Universit\u00e9 Paris 13, L2TI) <\/li>\n<\/ul>\n\n\n<p><!--EndFragment--><\/p>\n\n\n<p><\/p>\n","protected":false},"excerpt":{"rendered":"<p>Responsable scientifique d'\u00e9quipe Depuis d\u00e9cembre 2016, je suis responsable de l'\u00e9quipe \"Multim\u00e9dia\" (anciennement ATIV Analyse et Traitement de l'Information Visuelle) du laboratoire L2TI. Co-responsable scientifique d'axe Depuis 2016, je suis co-responsable de l'axe 1 \"Optimisation et apprentissage appliqu\u00e9s aux contenus<a class=\"moretag\" href=\"https:\/\/www-l2ti.univ-paris13.fr\/~mokraoui\/recherche\/projects\/\"> Read More<\/a><\/p>\n","protected":false},"author":1,"featured_media":0,"parent":24,"menu_order":4,"comment_status":"closed","ping_status":"closed","template":"","meta":[],"_links":{"self":[{"href":"https:\/\/www-l2ti.univ-paris13.fr\/~mokraoui\/wp-json\/wp\/v2\/pages\/81"}],"collection":[{"href":"https:\/\/www-l2ti.univ-paris13.fr\/~mokraoui\/wp-json\/wp\/v2\/pages"}],"about":[{"href":"https:\/\/www-l2ti.univ-paris13.fr\/~mokraoui\/wp-json\/wp\/v2\/types\/page"}],"author":[{"embeddable":true,"href":"https:\/\/www-l2ti.univ-paris13.fr\/~mokraoui\/wp-json\/wp\/v2\/users\/1"}],"replies":[{"embeddable":true,"href":"https:\/\/www-l2ti.univ-paris13.fr\/~mokraoui\/wp-json\/wp\/v2\/comments?post=81"}],"version-history":[{"count":44,"href":"https:\/\/www-l2ti.univ-paris13.fr\/~mokraoui\/wp-json\/wp\/v2\/pages\/81\/revisions"}],"predecessor-version":[{"id":1069,"href":"https:\/\/www-l2ti.univ-paris13.fr\/~mokraoui\/wp-json\/wp\/v2\/pages\/81\/revisions\/1069"}],"up":[{"embeddable":true,"href":"https:\/\/www-l2ti.univ-paris13.fr\/~mokraoui\/wp-json\/wp\/v2\/pages\/24"}],"wp:attachment":[{"href":"https:\/\/www-l2ti.univ-paris13.fr\/~mokraoui\/wp-json\/wp\/v2\/media?parent=81"}],"curies":[{"name":"wp","href":"https:\/\/api.w.org\/{rel}","templated":true}]}}