{"id":442,"date":"2019-06-25T18:47:14","date_gmt":"2019-06-25T16:47:14","guid":{"rendered":"http:\/\/localhost\/wordpress\/?page_id=442"},"modified":"2019-08-23T15:07:09","modified_gmt":"2019-08-23T13:07:09","slug":"autres","status":"publish","type":"page","link":"https:\/\/www-l2ti.univ-paris13.fr\/~mokraoui\/recherche\/publications\/autres\/","title":{"rendered":"Autres"},"content":{"rendered":"\n<h2><strong>Th\u00e8ses<\/strong><\/h2>\n\n\n\n<p><\/p>\n\n\n\n<ul><li> A. Mokraoui. Traitement et transport de donn\u00e9es multim\u00e9dia. Habilitation \u00e0 diriger des recherches, soutenue le 8 D\u00e9cembre 2011, Universit\u00e9 Paris 13 Sorbonne Paris Cit\u00e9.<\/li><li>A. Zerga\u00efnoh. Algorithmes rapides de filtrage \u00e0 r\u00e9ponse impulsionnelle finie adapt\u00e9e \u00e0 une implantation sur un processeur sp\u00e9cialis\u00e9 en traitement du signal. Th\u00e8se de doctorat, soutenue le 1er D\u00e9cembre 1994, Universit\u00e9 Paris 11, sous le num\u00e9ro d'ordre 3412.<\/li><\/ul>\n\n\n\n<p><\/p>\n\n\n\n<h2><strong>Conf\u00e9rences internationales sans comit\u00e9 de lecture, sans actes<\/strong><\/h2>\n\n\n\n<p><\/p>\n\n\n\n<ul><li>Z. Jaoua, A. Mokraoui-Zerga\u00efnoh and J.P. Astruc P. Duhamel. Implantation e\u2011cace d'algorithmes rapides de filtrage rif sur un processeur \"ADSP-2100\". Iterative joint source channel decoding of deflate codes<\/li><li>Z. Haddad, A. Beghdadi, A. Serir and A. Mokraoui. Fingerprint identification using radon transform. The first workshop on Visual Signal Possessing and Analysis (VISPA), 12-13 November 2008, Paris, France.<\/li><li>V. Mu\u00f1oz-Jim\u00e9n\u00e8z, A. Mokraoui-Zerga\u00efnoh and J-P. Astruc. Motion estimation algorithm using adaptive deformable rectangular meshes for video conferencing applications. The first workshop on Visual Signal Possessing and Analysis (VISPA), 12-13 November 2008, Paris, France.<\/li><li>Robustesse et efficacit\u00e9 pour la diffusion de contenu sur liens internet sans fil : DITEMOI. Grand colloque STIC de l'ANR, 5-7 janvier 2010, Cit\u00e9 des sciences et de l'industrie, Paris.<\/li><li>Robustesse et efficacit\u00e9 pour la diffusion de contenu sur liens internet sans fil : DITEMOI. Grand colloque STIC de l'ANR, 6-8 d\u00e9cembre 2010, Supelec, Rennes.<\/li><\/ul>\n\n\n\n<p><\/p>\n\n\n\n<h2><strong>R\u00e9alisations<\/strong><\/h2>\n\n\n\n<p><\/p>\n\n\n\n<ul><li>A. Zerga\u00efnoh. G\u00e9n\u00e9rateur de code optimis\u00e9 pour l'implantation efficace d'algorithmes rapides de filtrage non r\u00e9cursifs. D\u00e9cembre 1994.<\/li><li>A. Zerga\u00efnoh and C. G\u00e9rard. Syst\u00e8me de reconnaissance de voyelles par une m\u00e9thode de programmation dynamique appliqu\u00e9e \u00e0 une repr\u00e9sentation de type pr\u00e9diction lin\u00e9aire. Avril 1990. [118] A. Mokraoui. R\u00e9alisation industrielle de filtres \u00e0 air pour l'entretien d'appareils disponibles dans une meunerie. Janvier 1990.<\/li><li>A. Mokraoui. Conception et r\u00e9alisation d'un vocodeur \u00e0 base du processeur d\u00e9di\u00e9 au traitement du signal TMS32010. Juin 1989, stage d'ing\u00e9nieur.<\/li><\/ul>\n\n\n\n<p><\/p>\n\n\n\n<h2>Autres<\/h2>\n\n\n\n<p><\/p>\n\n\n\n<ul><li>Livrables des projets ne sont pas list\u00e9s.<\/li><li>A. Mokraoui. Toute une vie sur un ordinateur. La gazette de la recherche,\nInstitut Galil\u00e9e, Universit\u00e9 Paris 13, http\n:\/\/www-galilee.univ-paris13.fr\/gazette\/gazette-IG3.pdf, (3) :5, octobre 2006,\nParis, France.<\/li><li>A. Mokraoui. Reconnaissance du locuteur voix camoufl\u00e9e. Rapport de stage de\nDEA, ESIEE Marne la vall\u00e9e, Septembre 1991.<\/li><\/ul>\n","protected":false},"excerpt":{"rendered":"<p>Th\u00e8ses A. Mokraoui. Traitement et transport de donn\u00e9es multim\u00e9dia. Habilitation \u00e0 diriger des recherches, soutenue le 8 D\u00e9cembre 2011, Universit\u00e9 Paris 13 Sorbonne Paris Cit\u00e9. A. Zerga\u00efnoh. Algorithmes rapides de filtrage \u00e0 r\u00e9ponse impulsionnelle finie adapt\u00e9e \u00e0 une implantation sur<a class=\"moretag\" href=\"https:\/\/www-l2ti.univ-paris13.fr\/~mokraoui\/recherche\/publications\/autres\/\"> Read More<\/a><\/p>\n","protected":false},"author":1,"featured_media":0,"parent":32,"menu_order":3,"comment_status":"closed","ping_status":"closed","template":"","meta":[],"_links":{"self":[{"href":"https:\/\/www-l2ti.univ-paris13.fr\/~mokraoui\/wp-json\/wp\/v2\/pages\/442"}],"collection":[{"href":"https:\/\/www-l2ti.univ-paris13.fr\/~mokraoui\/wp-json\/wp\/v2\/pages"}],"about":[{"href":"https:\/\/www-l2ti.univ-paris13.fr\/~mokraoui\/wp-json\/wp\/v2\/types\/page"}],"author":[{"embeddable":true,"href":"https:\/\/www-l2ti.univ-paris13.fr\/~mokraoui\/wp-json\/wp\/v2\/users\/1"}],"replies":[{"embeddable":true,"href":"https:\/\/www-l2ti.univ-paris13.fr\/~mokraoui\/wp-json\/wp\/v2\/comments?post=442"}],"version-history":[{"count":4,"href":"https:\/\/www-l2ti.univ-paris13.fr\/~mokraoui\/wp-json\/wp\/v2\/pages\/442\/revisions"}],"predecessor-version":[{"id":630,"href":"https:\/\/www-l2ti.univ-paris13.fr\/~mokraoui\/wp-json\/wp\/v2\/pages\/442\/revisions\/630"}],"up":[{"embeddable":true,"href":"https:\/\/www-l2ti.univ-paris13.fr\/~mokraoui\/wp-json\/wp\/v2\/pages\/32"}],"wp:attachment":[{"href":"https:\/\/www-l2ti.univ-paris13.fr\/~mokraoui\/wp-json\/wp\/v2\/media?parent=442"}],"curies":[{"name":"wp","href":"https:\/\/api.w.org\/{rel}","templated":true}]}}