{"id":431,"date":"2019-06-25T18:34:44","date_gmt":"2019-06-25T16:34:44","guid":{"rendered":"http:\/\/localhost\/wordpress\/?page_id=431"},"modified":"2022-12-18T16:38:45","modified_gmt":"2022-12-18T15:38:45","slug":"revues-internationales","status":"publish","type":"page","link":"https:\/\/www-l2ti.univ-paris13.fr\/~mokraoui\/recherche\/publications\/revues-internationales\/","title":{"rendered":"Revues internationales"},"content":{"rendered":"\n<h2><strong>Articles de revues internationales avec comit\u00e9 de lecture et actes<\/strong><\/h2>\n\n\n\n<ul><li> O. Rekik, K. Abed-Meraim, M. Nait-Meziane, A. Mokraoui and N. Linh-Trung. Maximum Likelihood based Identification for Nonlinear Multichannel Communications Systems Signal Processing Elsevier Journal, Available online 24 August 2021.<\/li><li>I. Kadri, G. Dauphin, A. Mokraoui and Z. Lachiri. Disparities selection controlled by the compensated  image quality for a given bitrate Signal, Image and Video Processing, Springer, doi:10.1007\/s11760- 020-01643-1, 9 January 2020. <\/li><li> https:\/\/doi.org\/10.1016\/j.sigpro.2021.108297 <\/li><li>O. Rekik, A. Ladaycia, A. Mokraoui and K. Abed-Meraim. CRB-based Performance Analysis of  Semi Blind Channel Estimation for Massive MIMO-OFDM Systems with Pilot Contamination, IET Communications, Available online: 23 September 2019, doi:10.1049\/iet-com.2019.0432, Print ISSN1751-8628,  Online ISSN1751-8636. <\/li><li>A. Ladaycia, A. Belouchrani, K. Abed-Meraim and A. Mokraoui. Semi-Blind MIMO-OFDM Channel Estimation using Expectation Maximization like Techniques, IET Communications, Available on line: 13  September 2019, doi:10.1049\/iet-com.2019.0583, Print ISSN1751-8628, Online ISSN1751-8636. <\/li><li>B. Tha\u00ef, A. Mokraoui and B. Matei. Contrast Enhancement and Details Preservation of Tone Mapped High Dynamic Range, Images Elsevier Journal of Visual Communication and Image Representation, 8 december, 2018, doi.org\/10.1016\/j.jvcir.2018.12.024.<\/li><li>A. Kadaikar, G. Dauphin and A. Mokraoui. Joint Disparity and Variable Size-Block Optimization Algorithm for Stereoscopic Image, Compression Signal Processing: Image Communication, Elsevier journal, Signal Processing : Image Communication, october, 2017, doi 10.1016\/j.image.2017.10.008.<\/li><li>A. Ladaycia, A. Mokraoui, K. Abed-Meraim and A. Belouchrani. Performance Bounds Analysis for SemiBlind Channel Estimation in MIMO-OFDM Communications Systems, IEEE transactions on wireless communications, June, 2017, Vol : PP, issue : 99, doi : 10.1109\/TWC.2017.2717406.<\/li><li>A. Kadaikar, G. Dauphin and A. Mokraoui. Sequential Block-Based Disparity Map Estimation Algorithm for Stereoscopic Image Coding, Elsevier journal, Signal Processing : Image Communication, September, 2015, doi 10.1016\/j.image.2015.09.007.<\/li><li>C.L. Nguyen, A. Mokraoui, P. Duhamel and N. Linh-Trung. Improved Time and Frequency Synchronization in Presence of Imperfect Channel State Information, EURASIP Journal on Wireless Communications Networks, Springer Open, 2015, pp.2015 :42. doi 10.1186\/s13638-015-0271-z.<\/li><li>C.L. Nguyen, A. Mokraoui, P. Duhamel and N. Linh-Trung. Improved Time and Frequency Synchronzation Algorithm for 802.11a Wireless Standard based on SIGNAL Field, REV Journal on Electronics and Communications, January-June 2013, vol.3,no 1-2, ISSN : 1859-378X.<\/li><li>Z. Haddad, A. Beghdadi, A. Serir and A. Mokraoui. Wave atoms based compression method for fingerprint images, Pattern recogonition, 20th February 2013, doi 10.1016\/j.patcog.2013.02.004, Elsevier.<\/li><li>Z. Jaoua, A Mokraoui and P. Duhamel<strong><a rel=\"noreferrer noopener\" aria-label=\" (s\u2019ouvre dans un nouvel onglet)\" href=\"http:\/\/www-l2ti.univ-paris13.fr\/~mokraoui\/longue_version_DCSC_version_R3.pdf#%3E%3Cfont%20color=\" target=\"_blank\">. Robust transmission of compressed html files over wireless channel using an iterative joint source-channel decoding receiver<\/a><\/strong>,  IEEE transactions on communications, July 2012, vol 60, issue 6, pp 2679 - 2688.<\/li><li>A. Mokraoui, V. Mu\u00f1oz-Jim\u00e9n\u00e8z, and J.P. Astruc. Motion estimation based on spline interpolation in H.264\/AVC video coder for videoconferencing application: performance versus computation load, Journal of Signal Processing Systems for signal, image and video technology, March 2011, doi 10.1007\/s11265011-0583-0, Springer-Verlag.<\/li><li>A. Mokraoui, V. Mu\u00f1oz-Jim\u00e9n\u00e8z and J.P. Astruc. Motion estimation algorithms using the deformation of planar hierarchical mesh grid for videoconferencing applications at low bit-rate transmission, Journal of Signal Processing Systems for signal, image and video technology, 61\/2010, September 2010, doi : 10.1007\/ s11265-010-0534-1. 1939-8018 (Print), 19 pages, Springer-Verlag.<\/li><li>A. Mokraoui and P. Duhamel. Multiresolution analysis adapted to irregularly spaced data, EURASIP Journal of Advances in Signal Processing, doi :10.1155\/2009\/293952, 19 pages 2009.<\/li><li>C Lamy-Bergot, A. Mokraoui-Zerga\u00efnoh, T. Andr\u00e9e and B. Pesquet-Popescu. Panorama des techniques de codage\/d\u00e9codage conjoint et techniques de diversit\u00e9 adapt\u00e9es \u00e0 la transmission de aux vid\u00e9o et html sur lien (Ip sans fil point\/multipoint, Revue de traitement du signal, 25(5), 2008.<\/li><li>A. Zerga\u00efnoh, N. Chihab, P. Duhamel and J.P. Astruc. Construction of orthonormal piecewise polynomial scaling and wavelet bases on non-equally spaced knots, EURASIP Journal on Advances in Signal Processing, doi 10.1155\/ 2007\/27427, 13 pages 2007.<\/li><li>H.F. Raynaud and A. Zerga\u00efnoh. State-space representation for fractional order controllers. Automatica journal, 36 :1017-1021, 2000.<\/li><li>A. Zerga\u00efnoh, J.P. Vidal and P. Duhamel. Efficient implementation methodology of fast FIR filtering algorithms on DSP signal, Journal of VLSI signal processing systems for signal Image, and Video Technology, 16 :81103, Mai 1997, Kluwer Academic publishers.<\/li><li>A. Zerga\u00efnoh. Algorithmes rapides de filtrage \u00e0 r\u00e9ponse impulsionnelle finie adapt\u00e9s \u00e0 une impl\u00e9mentation sur un processeur sp\u00e9cialis\u00e9 en traitement du signal, Annals of Telecommunications, Springer Paris, 50 :593, Mai 1995, 0003-4347 (Print) 1958-9395 (Online).<\/li><\/ul>\n","protected":false},"excerpt":{"rendered":"<p>Articles de revues internationales avec comit\u00e9 de lecture et actes O. Rekik, K. Abed-Meraim, M. Nait-Meziane, A. Mokraoui and N. Linh-Trung. Maximum Likelihood based Identification for Nonlinear Multichannel Communications Systems Signal Processing Elsevier Journal, Available online 24 August 2021. I.<a class=\"moretag\" href=\"https:\/\/www-l2ti.univ-paris13.fr\/~mokraoui\/recherche\/publications\/revues-internationales\/\"> Read More<\/a><\/p>\n","protected":false},"author":1,"featured_media":0,"parent":32,"menu_order":0,"comment_status":"closed","ping_status":"closed","template":"","meta":[],"_links":{"self":[{"href":"https:\/\/www-l2ti.univ-paris13.fr\/~mokraoui\/wp-json\/wp\/v2\/pages\/431"}],"collection":[{"href":"https:\/\/www-l2ti.univ-paris13.fr\/~mokraoui\/wp-json\/wp\/v2\/pages"}],"about":[{"href":"https:\/\/www-l2ti.univ-paris13.fr\/~mokraoui\/wp-json\/wp\/v2\/types\/page"}],"author":[{"embeddable":true,"href":"https:\/\/www-l2ti.univ-paris13.fr\/~mokraoui\/wp-json\/wp\/v2\/users\/1"}],"replies":[{"embeddable":true,"href":"https:\/\/www-l2ti.univ-paris13.fr\/~mokraoui\/wp-json\/wp\/v2\/comments?post=431"}],"version-history":[{"count":26,"href":"https:\/\/www-l2ti.univ-paris13.fr\/~mokraoui\/wp-json\/wp\/v2\/pages\/431\/revisions"}],"predecessor-version":[{"id":916,"href":"https:\/\/www-l2ti.univ-paris13.fr\/~mokraoui\/wp-json\/wp\/v2\/pages\/431\/revisions\/916"}],"up":[{"embeddable":true,"href":"https:\/\/www-l2ti.univ-paris13.fr\/~mokraoui\/wp-json\/wp\/v2\/pages\/32"}],"wp:attachment":[{"href":"https:\/\/www-l2ti.univ-paris13.fr\/~mokraoui\/wp-json\/wp\/v2\/media?parent=431"}],"curies":[{"name":"wp","href":"https:\/\/api.w.org\/{rel}","templated":true}]}}