{"id":40,"date":"2019-06-17T10:12:35","date_gmt":"2019-06-17T08:12:35","guid":{"rendered":"http:\/\/localhost\/wordpress\/?page_id=40"},"modified":"2019-09-23T10:49:48","modified_gmt":"2019-09-23T08:49:48","slug":"collective-responsibility","status":"publish","type":"page","link":"https:\/\/www-l2ti.univ-paris13.fr\/~mokraoui\/teaching\/collective-responsibility\/","title":{"rendered":"Responsabilit\u00e9s p\u00e9dagogiques"},"content":{"rendered":"\n<h3> <strong>Responsable p\u00e9dagogique de parcours de <\/strong> master<\/h3>\n\n\n\n<ul><li>Responsable du parcours \u00ab&nbsp;images&nbsp;\u00bb de la deuxi\u00e8me ann\u00e9e du master mention \u00ab&nbsp;Ing\u00e9nierie et Innovation en Images et R\u00e9seaux \u00bb de l'institut Galil\u00e9e, de 2016-2018.<\/li><\/ul>\n\n\n\n<h3><strong>Responsable p\u00e9dagogique d\u2019ann\u00e9e<\/strong> de master<\/h3>\n\n\n\n<ul><li>Responsable p\u00e9dagogique de la premi\u00e8re ann\u00e9e du master \u00ab&nbsp;Ing\u00e9nierie et Innovation en Images et R\u00e9seaux&nbsp;\u00bb (M-3IR) de l'institut Galil\u00e9e, de 2011-2018.<\/li><li>Responsable p\u00e9dagogique de la premi\u00e8re ann\u00e9e du master \u00ab&nbsp;Images et R\u00e9seaux&nbsp;\u00bb (M-IR) de l'institut Galil\u00e9e, 2007-2011. <\/li><\/ul>\n\n\n\n<h3>Relations internationales<\/h3>\n\n\n\n<ul><li>Responsable des relations internationales du cycle master ( 7 masters et 2 masters internationaux Co-habilit\u00e9s USTH Vietnam) de l'institut Galil\u00e9e, de 2014-2017.  <\/li><li> Responsable des relations internationales du master \u00ab&nbsp;Ing\u00e9nierie et Innovation en Images et R\u00e9seaux&nbsp;\u00bb (M-3IR) de l'institut Galil\u00e9e,  de 2011-2013.  <\/li><li> Responsable des relations internationales du master \u00ab&nbsp;Images et R\u00e9seaux&nbsp;\u00bb (M-IR) de l'institut Galil\u00e9e,  de 2010-2011. <\/li><\/ul>\n\n\n\n<h3>Stages en entreprise<\/h3>\n\n\n\n<ul><li>Responsable des stages en entreprise du master  master \u00ab\u00a0Ing\u00e9nierie et Innovation en Images et R\u00e9seaux\u00a0\u00bb (M2-3IR) de l'institut Galil\u00e9e, de 2011-2013.   <\/li><li>Responsable des stages en entreprise du master \u00ab\u00a0Images et R\u00e9seaux\u00a0\u00bb (M2-IR) de l'institut Galil\u00e9e, de 2010-2011.<\/li><li>Responsable des stages en entreprise de la formation d\u2019Ing\u00e9nieurs en t\u00e9l\u00e9communications et r\u00e9seaux de l'institut Galil\u00e9e, de 1998-2005 puis 2007-2009. <\/li><\/ul>\n","protected":false},"excerpt":{"rendered":"<p>Responsable p\u00e9dagogique de parcours de master Responsable du parcours \u00ab&nbsp;images&nbsp;\u00bb de la deuxi\u00e8me ann\u00e9e du master mention \u00ab&nbsp;Ing\u00e9nierie et Innovation en Images et R\u00e9seaux \u00bb de l'institut Galil\u00e9e, de 2016-2018. Responsable p\u00e9dagogique d\u2019ann\u00e9e de master Responsable p\u00e9dagogique de la premi\u00e8re<a class=\"moretag\" href=\"https:\/\/www-l2ti.univ-paris13.fr\/~mokraoui\/teaching\/collective-responsibility\/\"> Read More<\/a><\/p>\n","protected":false},"author":1,"featured_media":0,"parent":36,"menu_order":1,"comment_status":"closed","ping_status":"closed","template":"","meta":[],"_links":{"self":[{"href":"https:\/\/www-l2ti.univ-paris13.fr\/~mokraoui\/wp-json\/wp\/v2\/pages\/40"}],"collection":[{"href":"https:\/\/www-l2ti.univ-paris13.fr\/~mokraoui\/wp-json\/wp\/v2\/pages"}],"about":[{"href":"https:\/\/www-l2ti.univ-paris13.fr\/~mokraoui\/wp-json\/wp\/v2\/types\/page"}],"author":[{"embeddable":true,"href":"https:\/\/www-l2ti.univ-paris13.fr\/~mokraoui\/wp-json\/wp\/v2\/users\/1"}],"replies":[{"embeddable":true,"href":"https:\/\/www-l2ti.univ-paris13.fr\/~mokraoui\/wp-json\/wp\/v2\/comments?post=40"}],"version-history":[{"count":20,"href":"https:\/\/www-l2ti.univ-paris13.fr\/~mokraoui\/wp-json\/wp\/v2\/pages\/40\/revisions"}],"predecessor-version":[{"id":822,"href":"https:\/\/www-l2ti.univ-paris13.fr\/~mokraoui\/wp-json\/wp\/v2\/pages\/40\/revisions\/822"}],"up":[{"embeddable":true,"href":"https:\/\/www-l2ti.univ-paris13.fr\/~mokraoui\/wp-json\/wp\/v2\/pages\/36"}],"wp:attachment":[{"href":"https:\/\/www-l2ti.univ-paris13.fr\/~mokraoui\/wp-json\/wp\/v2\/media?parent=40"}],"curies":[{"name":"wp","href":"https:\/\/api.w.org\/{rel}","templated":true}]}}