{"id":315,"date":"2019-06-24T17:30:20","date_gmt":"2019-06-24T15:30:20","guid":{"rendered":"http:\/\/localhost\/wordpress\/?page_id=315"},"modified":"2024-02-15T15:47:36","modified_gmt":"2024-02-15T14:47:36","slug":"accueil","status":"publish","type":"page","link":"https:\/\/www-l2ti.univ-paris13.fr\/~mokraoui\/","title":{"rendered":"Accueil"},"content":{"rendered":"\n<h2>Anissa MOKRAOUI<br><strong> <\/strong> <\/h2>\n\n\n\n<h4><strong>Professeure des universit\u00e9s<\/strong><\/h4>\n\n\n\n<p><strong> Section 61 du CNU<br><\/strong><\/p>\n\n\n\n<p><\/p>\n\n\n\n<p><\/p>\n\n\n\n<div class=\"is-layout-flex wp-container-3 wp-block-columns has-2-columns\">\n<div class=\"is-layout-flow wp-block-column\">\n<figure class=\"wp-block-image is-resized\"><img decoding=\"async\" loading=\"lazy\" src=\"http:\/\/localhost\/wordpress\/wp-content\/uploads\/2019\/06\/IMG_0113-1024x768.jpg\" alt=\"\" class=\"wp-image-591\" width=\"337\" height=\"253\" srcset=\"https:\/\/www-l2ti.univ-paris13.fr\/~mokraoui\/wp-content\/uploads\/2019\/06\/IMG_0113-1024x768.jpg 1024w, https:\/\/www-l2ti.univ-paris13.fr\/~mokraoui\/wp-content\/uploads\/2019\/06\/IMG_0113-300x225.jpg 300w, https:\/\/www-l2ti.univ-paris13.fr\/~mokraoui\/wp-content\/uploads\/2019\/06\/IMG_0113-768x576.jpg 768w\" sizes=\"(max-width: 337px) 100vw, 337px\" \/><\/figure>\n<\/div>\n\n\n\n<div class=\"is-layout-flow wp-block-column\">\n<p class=\"has-text-align-left\">  <\/p>\n\n\n\n<p class=\"has-text-align-left\"><strong>Directrice du <a href=\"http:\/\/www-l2ti.univ-paris13.fr\/site\/index.php\/en\/\">Laboratoire de Traitement et Transport de l'Information (L2TI)<span style=\"text-decoration: underline;\"> <\/span><\/a> <br> Responsable de <\/strong><a href=\"http:\/\/www-l2ti.univ-paris13.fr\/site\/index.php\/fr\/membres#equipe-multim%C3%A9dia\"><strong>l'\u00e9quipe multim\u00e9dia <\/strong><\/a><\/p>\n\n\n\n<p> anissa.mokraoui@univ-paris13.fr  <br>T\u00e9l : 01.49.40.40.60&nbsp;<br>Fax : 01.49.40.40.61&nbsp;<br><\/p>\n<\/div>\n<\/div>\n\n\n\n<p>&nbsp; <\/p>\n\n\n<p><iframe loading=\"lazy\" src=\"https:\/\/www.google.com\/maps\/embed?pb=!1m14!1m8!1m3!1d1341356.6924206803!2d2.339464!3d48.956584!3m2!1i1024!2i768!4f13.1!3m3!1m2!1s0x47e66922b383ba41%3A0x771c255ed2770a81!2s99+Avenue+Jean+Baptiste+Cl%C3%A9ment%2C+93430+Villetaneuse!5e0!3m2!1sfr!2sfr!4v1561475188783!5m2!1sfr!2sfr\" width=\"700\" height=\"300\" frameborder=\"0\" style=\"border:0\" allowfullscreen=\"\"><\/iframe><\/p>\n\n\n\n<p>L2TI, Institut Galil\u00e9e - Universit\u00e9 Sorbonne Paris Nord<span style=\"text-decoration: underline;\"><br><\/span>99, Avenue Jean-Baptiste Cl\u00e9ment 93430 - Villetaneuse  <\/p>\n","protected":false},"excerpt":{"rendered":"<p>Anissa MOKRAOUI Professeure des universit\u00e9s Section 61 du CNU Directrice du Laboratoire de Traitement et Transport de l'Information (L2TI) Responsable de l'\u00e9quipe multim\u00e9dia anissa.mokraoui@univ-paris13.fr T\u00e9l : 01.49.40.40.60&nbsp;Fax : 01.49.40.40.61&nbsp; &nbsp; L2TI, Institut Galil\u00e9e - Universit\u00e9 Sorbonne Paris Nord99, Avenue Jean-Baptiste<a class=\"moretag\" href=\"https:\/\/www-l2ti.univ-paris13.fr\/~mokraoui\/\"> Read More<\/a><\/p>\n","protected":false},"author":1,"featured_media":0,"parent":0,"menu_order":0,"comment_status":"closed","ping_status":"closed","template":"","meta":[],"_links":{"self":[{"href":"https:\/\/www-l2ti.univ-paris13.fr\/~mokraoui\/wp-json\/wp\/v2\/pages\/315"}],"collection":[{"href":"https:\/\/www-l2ti.univ-paris13.fr\/~mokraoui\/wp-json\/wp\/v2\/pages"}],"about":[{"href":"https:\/\/www-l2ti.univ-paris13.fr\/~mokraoui\/wp-json\/wp\/v2\/types\/page"}],"author":[{"embeddable":true,"href":"https:\/\/www-l2ti.univ-paris13.fr\/~mokraoui\/wp-json\/wp\/v2\/users\/1"}],"replies":[{"embeddable":true,"href":"https:\/\/www-l2ti.univ-paris13.fr\/~mokraoui\/wp-json\/wp\/v2\/comments?post=315"}],"version-history":[{"count":69,"href":"https:\/\/www-l2ti.univ-paris13.fr\/~mokraoui\/wp-json\/wp\/v2\/pages\/315\/revisions"}],"predecessor-version":[{"id":1044,"href":"https:\/\/www-l2ti.univ-paris13.fr\/~mokraoui\/wp-json\/wp\/v2\/pages\/315\/revisions\/1044"}],"wp:attachment":[{"href":"https:\/\/www-l2ti.univ-paris13.fr\/~mokraoui\/wp-json\/wp\/v2\/media?parent=315"}],"curies":[{"name":"wp","href":"https:\/\/api.w.org\/{rel}","templated":true}]}}