{"id":30,"date":"2019-06-17T10:09:52","date_gmt":"2019-06-17T08:09:52","guid":{"rendered":"http:\/\/localhost\/wordpress\/?page_id=30"},"modified":"2024-02-15T16:46:39","modified_gmt":"2024-02-15T15:46:39","slug":"stages","status":"publish","type":"page","link":"https:\/\/www-l2ti.univ-paris13.fr\/~mokraoui\/recherche\/encadrement\/stages\/","title":{"rendered":"Stages"},"content":{"rendered":"\n<h2>Stages de Licence\/Ing\u00e9nieur<\/h2>\n\n\n\n<h4>  Adel ALLOUCHE et Sylia  YACIA   <\/h4>\n\n\n\n<ul>\n<li><strong>Sujet : <\/strong>    D\u00e9veloppement d\u2019un site WEB sous WordPress avec un cahier  des charges, , <\/li>\n\n\n\n<li>Licence L3 (Sciences Pour l\u2019Ing\u00e9nieur (SPI), Institut  Galil\u00e9e, Universit\u00e9 Paris 13)     <\/li>\n\n\n\n<li><strong>Encadrants : <\/strong>A. MOKRAOUI<\/li>\n\n\n\n<li><strong>Date de soutenance :<\/strong>   Juillet 2019 (1 mois)    <\/li>\n<\/ul>\n\n\n\n<h4>   Jawad CHOUT   <\/h4>\n\n\n\n<ul>\n<li><strong>Sujet : <\/strong> Conception et d\u00e9veloppement du site WEB du LabCom IRISER , <\/li>\n\n\n\n<li> Ing\u00e9nieur 2 en T\u00e9l\u00e9communications et R\u00e9seaux, Institut  Galil\u00e9e, Universit\u00e9 Paris 13)     <\/li>\n\n\n\n<li><strong>Encadrants : <\/strong>A. MOKRAOUI, F. FENG (L2TI)<\/li>\n\n\n\n<li><strong>Date de soutenance :<\/strong>   5 Ao\u00fbt 2022 (3 mois)    <\/li>\n<\/ul>\n\n\n\n<h2>Stages de master 1 recherche (M1R)<\/h2>\n\n\n\n<h4>  Leila GUENNIF <\/h4>\n\n\n\n<ul>\n<li><strong>Sujet : <\/strong>   La Compression vid\u00e9o bas\u00e9e sur des r\u00e9seaux de neurones,     <\/li>\n\n\n\n<li> Master Sciences de l\u2019ing\u00e9nieur, Ing\u00e9nierie des syst\u00e8mes intelligents,<br> Sorbonne Universit\u00e9     <\/li>\n\n\n\n<li><strong>Encadrants : <\/strong>A. MOKRAOUI<\/li>\n\n\n\n<li><strong>Date de soutenance :<\/strong>   12 Juillet 2022 (2 mois)    <\/li>\n<\/ul>\n\n\n\n<h2>Stages de master 2 recherche (M2R)<\/h2>\n\n\n\n<h4>Hicham TALAOUBRID <\/h4>\n\n\n\n<ul>\n<li><strong>Sujet : <\/strong> D\u00e9tection d'objets few-shot par visual transformers sur des images A\u00e9riennes<\/li>\n\n\n\n<li>Ecole des mines d'Ales     <\/li>\n\n\n\n<li><strong>Encadrants : <\/strong>A. MOKRAOUI,  P. LE JEUNE<\/li>\n\n\n\n<li><strong>Date de soutenance :<\/strong>   31 Aout 2023 (5 mois) <\/li>\n<\/ul>\n\n\n\n<h4>   Ramzi RADDAOUI  <\/h4>\n\n\n\n<ul>\n<li><strong>Sujet : <\/strong>   Self-supervised Learning for Few-shot Object Detection    \n<ul><\/ul>\n<\/li>\n\n\n\n<li>Master  2R Syst\u00e8mes intelligents, Universit\u00e9 Gustave Eiffel     <\/li>\n\n\n\n<li><strong>Encadrants : <\/strong>A. MOKRAOUI,  P. LE JEUNE, F. FENG<\/li>\n\n\n\n<li><strong>Date de soutenance :<\/strong>   5 Septembre 2022 (5 mois)     <\/li>\n<\/ul>\n\n\n\n<h4> Bouzid AREZKI <\/h4>\n\n\n\n<ul>\n<li><strong>Sujet : <\/strong>   BlockNet: A Deep Neural Network for Block-Based Motion Estimation  Using Representative Matching  <\/li>\n\n\n\n<li>Master 2R (IMAGE\/IA), Universit\u00e9  de Paris     <\/li>\n\n\n\n<li><strong>Encadrants : <\/strong> A. MOKRAOUI, F. FENG <\/li>\n\n\n\n<li><strong>Date de soutenance :<\/strong>  1 ao\u00fbt  2021 (5 mois)    <\/li>\n<\/ul>\n\n\n\n<h4> Soumia Zohra EL  MASTARI <\/h4>\n\n\n\n<ul>\n<li><strong>Sujet : <\/strong>  Estimation des vecteurs de mouvement d\u2019une vid\u00e9o bas\u00e9e<br> sur les r\u00e9seaux de neurones profonds    <\/li>\n\n\n\n<li> Master 2R (IMAGE\/IA), Ecole  Sup\u00e9rieure d\u2019Informatique de Sidi Bel Abb\u00e8s (Alg\u00e9rie)    <\/li>\n\n\n\n<li><strong>Encadrants : <\/strong>A. MOKRAOUI, A. OSMANI (FR Math-STIC)<\/li>\n\n\n\n<li><strong>Date de soutenance :<\/strong>  10 juillet 2020 (6 mois)    <\/li>\n<\/ul>\n\n\n\n<h4>Osama Abderrahaman GHARBI<\/h4>\n\n\n\n<ul>\n<li><strong>Sujet : <\/strong>Estimation des vecteurs de mouvement d'une vid\u00e9o bas\u00e9e sur les r\u00e9seaux de neurones  <\/li>\n\n\n\n<li>Master 2R (IMAGE\/IA), Universit\u00e9 de Bourgogne   <\/li>\n\n\n\n<li><strong>Encadrants : <\/strong>A. MOKRAOUI, A. OSMANI (FR Math-STIC)<\/li>\n\n\n\n<li><strong>Date de soutenance :<\/strong> 3 septembre 2019 (6 mois)    <\/li>\n<\/ul>\n\n\n\n<h4>Saeid GHAZANFARISSHABANKAREH<\/h4>\n\n\n\n<ul>\n<li><strong>Sujet : <\/strong>Am\u00e9lioration de la m\u00e9trique  TMQI d\u2019\u00e9valuation  de la qualit\u00e9 des images HDR mapp\u00e9es.<\/li>\n\n\n\n<li>Master 2R de physique OPSI,  Universit\u00e9 d'Aix Marseilles<\/li>\n\n\n\n<li><strong>Encadrants : <\/strong>A. MOKRAOUI, B. MATEI (FR MAth-STIC)<\/li>\n\n\n\n<li><strong>Date de soutenance : <\/strong>6 septembre 2018 (5 mois)<\/li>\n<\/ul>\n\n\n\n<h4>Anas HUSSEIS<\/h4>\n\n\n\n<ul>\n<li><strong>Sujet : <\/strong>Mise en correspondance totale d'images  HDR bas\u00e9 sur l'\u00e9galisation d'histogramme  <\/li>\n\n\n\n<li>Master 2R (Multimedia-networkig),  Telecoms ParisTech<\/li>\n\n\n\n<li><strong>Encadrants :<\/strong> A. MOKRAOUI, B. MATEI (FR Math-STIC)   <\/li>\n\n\n\n<li><strong>Date de soutenance : <\/strong>19 septembre 2017 (6 mois).<\/li>\n<\/ul>\n\n\n\n<h4>Mahdia TABAL<\/h4>\n\n\n\n<ul>\n<li><strong>Sujet : <\/strong>Mise en correspondance tonale  d'images a grande gamme dynamique bas\u00e9e sur un sch\u00e9ma de lifting<\/li>\n\n\n\n<li>Master 3IR sp\u00e9cialit\u00e9 images, universit\u00e9 Paris 13<\/li>\n\n\n\n<li><strong> Encadrants :<\/strong> A. MOKRAOUI, B. MATEI (FR Math-STIC)   <\/li>\n\n\n\n<li><strong>Date de soutenance : <\/strong>soutenue le 13 septembre 2016 (5 mois) <\/li>\n<\/ul>\n\n\n\n<h4>Amira FILALI<\/h4>\n\n\n\n<ul>\n<li><strong> Sujet : <\/strong>Comparaison des m\u00e9thodes classiques de mise  en correspondance tonale d'images \u00e0 grande gamme dynamique<\/li>\n\n\n\n<li>Master 2R (Informatique et  Multim\u00e9dia de l'Institut d'Informatique et de Multim\u00e9dia de Gab\u00e8s (ISIMG) de Tunisie)  <\/li>\n\n\n\n<li><strong>Encadrants : <\/strong>A. MOKRAOUI<\/li>\n\n\n\n<li><strong>Date de soutenance : <\/strong>8 avril 2016 (2 mois)<\/li>\n<\/ul>\n\n\n\n<h4>Imen KADRI <\/h4>\n\n\n\n<ul>\n<li><strong>Sujet : <\/strong>Etude de la norme de codage vid\u00e9o  HEVC <\/li>\n\n\n\n<li>Master Automatique et Traitement de Signal (ATS) de l'Ecole Nationale d'Ing\u00e9nieurs de Tunis (ENIT)<\/li>\n\n\n\n<li><strong>Encadrant : <\/strong>A. MOKRAOUI<\/li>\n\n\n\n<li><strong>Date de soutenance :  <\/strong> 17 septembre 2015 (2,5 mois) <\/li>\n<\/ul>\n\n\n\n<h4>Benoit GIANELLI<\/h4>\n\n\n\n<ul>\n<li><strong>Sujet : <\/strong>M\u00e9thode d'optimisation de mise en  correspondance tonale d'images HDR <\/li>\n\n\n\n<li>Master 2R (Signal, Image, Synth ese parcours Analyse  et synth\u00e8se d'images ), Universit\u00e9 Paris Est Marne la vall\u00e9e<\/li>\n\n\n\n<li> <strong>Encadrants : <\/strong>A. MOKRAOUI, B. MATERI (FR Math-STIC)<\/li>\n\n\n\n<li><strong>Date de soutenance :<\/strong>  8 septembre 2015 (5 mois)  <\/li>\n<\/ul>\n\n\n\n<h4>Aysha KADAIKAR<\/h4>\n\n\n\n<ul>\n<li><strong> Sujet : <\/strong>Codage vid\u00e9o multi-vues { Applications \u00e0 la TV-3D <\/li>\n\n\n\n<li>Master 2R (Ing\u00e9nierie et Innovation en Images et R\u00e9seaux, sp\u00e9cialit\u00e9 RIM), Universit\u00e9 Paris 13<\/li>\n\n\n\n<li><strong>Encadrants : <\/strong>A. MOKRAOUI, A. BEGHDADI<\/li>\n\n\n\n<li><strong>Date de soutenance : <\/strong>9 septembre 2013 (4 mois)<\/li>\n<\/ul>\n\n\n\n<h4> Mohand-Tahar HARIR <\/h4>\n\n\n\n<ul>\n<li><strong>Sujet : <\/strong>Codage r\u00e9seau pour le streaming  vid\u00e9o sur un lien radio-mobile<\/li>\n\n\n\n<li>Master 2R (Images et R\u00e9seaux, sp\u00e9cialit\u00e9 SIM) , Universit\u00e9 Paris 13<\/li>\n\n\n\n<li><strong>Encadrant : <\/strong>A. MOKRAOUI<\/li>\n\n\n\n<li><strong>Date de soutenance : <\/strong>   13 septembre 2012 (4 mois)<\/li>\n<\/ul>\n\n\n\n<h4>Younes BADYINE<\/h4>\n\n\n\n<ul>\n<li><strong>Sujet : <\/strong>Etude de la d\u00e9composition en ondelettes  par des filtres non-s\u00e9parables dans le cadre d'une application de compression<\/li>\n\n\n\n<li><strong>Encadrants :<\/strong> A. MOKRAOUI, A. STOEFFEL (professeur \u00e0 l'universit\u00e9 de Cologne (Allemagne), collaboration, \u00e9change d' \u00e9tudiant) <\/li>\n\n\n\n<li><strong>Date de soutenance :  <\/strong> d\u00e9cembre 2012 (3 mois)<\/li>\n<\/ul>\n\n\n\n<h4>Bachir BOUSLOUGUI,<\/h4>\n\n\n\n<ul>\n<li><strong>Sujet : <\/strong>Algorithme de codage hybride bas\u00e9 sur l' \u00e9chantillonnage irr\u00e9gulier des sous-bandes de fr\u00e9quence de SPIHT <\/li>\n\n\n\n<li>Master 2R (Signal  T\u00e9l\u00e9communications Image, R\u00e9seaux et Multim\u00e9dia), 'Universit\u00e9 Paris 13<\/li>\n\n\n\n<li><strong>Encadrant : <\/strong>A. MOKRAOUI<\/li>\n\n\n\n<li><strong>Date de soutenance :<\/strong>   septembre 2008 (6 mois) <\/li>\n<\/ul>\n\n\n\n<h4>Foued ELGHRAB<\/h4>\n\n\n\n<ul>\n<li><strong>Sujet : <\/strong>Etude et simulation de l'algorithme de codage SPIHT <\/li>\n\n\n\n<li> DEA TIS (Traitement des Images et du Signal) de l'ENSTA, Universit\u00e9 de  Cergy-Pontoise)<\/li>\n\n\n\n<li><strong>Encadrant : <\/strong>A. MOKRAOUI<\/li>\n\n\n\n<li><strong>Date de soutenance : <\/strong>  septembre 2002 (4 mois)<\/li>\n<\/ul>\n\n\n\n<h2>Collaborations avec de jeunes chercheurs <\/h2>\n\n\n\n<h4>Cagatay DIKICI<\/h4>\n\n\n\n<ul>\n<li><strong>Sujet : <\/strong>D\u00e9codage conjoint source-canal-protocole :  application au t\u00e9l\u00e9chargement robuste de pages HTML dans un environnement radio-mobile<\/li>\n\n\n\n<li> Post-doctorant <\/li>\n\n\n\n<li><strong>S\u00e9jour : <\/strong>novembre 2009 (12 mois) <\/li>\n<\/ul>\n\n\n\n<h4> Abdellah SKOUDARLI  <\/h4>\n\n\n\n<ul>\n<li><strong>Sujet :<\/strong> Etat de l'art sur les m\u00e9thodes d'estimation de mouvement<\/li>\n\n\n\n<li>Pr\u00e9paration de sa th\u00e8se \u00e0 l'Universit\u00e9 des Sciences et de la Technologie Houari Boumedienne (USTHB, Alger)<\/li>\n\n\n\n<li><strong>S\u00e9jour : <\/strong>Avril 2006 (1 mois)<\/li>\n<\/ul>\n\n\n\n<h4>Abdellah SKOUDARLI<\/h4>\n\n\n\n<ul>\n<li><strong>Sujet : <\/strong>Etat de l'art sur les algorithmes de compression  d'images fixes  <\/li>\n\n\n\n<li>Pr\u00e9paration de sa th\u00e8se \u00e0 l'Universit\u00e9 des Sciences et de la  Technologie Houari Boumedienne (USTHB, Alger)<\/li>\n\n\n\n<li><strong>S\u00e9jour : <\/strong> juillet 2005 (1 mois)<\/li>\n<\/ul>\n\n\n\n<h4>Fatma-Zohra NACER<\/h4>\n\n\n\n<ul>\n<li><strong>Sujet :<\/strong>  Compression d'images fixes<\/li>\n\n\n\n<li><strong>S\u00e9jour :<\/strong> septembre 2000 (2 ans), ATER universit\u00e9 Paris 13<\/li>\n<\/ul>\n\n\n\n<h4> Sevgui HADJIHASSAN<\/h4>\n\n\n\n<ul>\n<li><strong>Sujet :<\/strong> Echantillonnage irr\u00e9gulier pour la compression d'images fixes<\/li>\n\n\n\n<li><strong>S\u00e9jour :<\/strong> septembre 1997 (24 mois), ATER universit\u00e9 Paris 13<br><\/li>\n<\/ul>\n\n\n\n<h2>Stages de licence <\/h2>\n\n\n\n<h4> Adel ALLOUCHE et Sylia YACIA <\/h4>\n\n\n\n<ul>\n<li><strong>Sujet : <\/strong>D\u00e9veloppement de pages web d'un enseignant-chercheur<\/li>\n\n\n\n<li>L3 SPI, Institut Galil\u00e9e, Universit\u00e9 Paris 13 <\/li>\n\n\n\n<li><strong>Date de soutenance : <\/strong>septembre 2019 (1 mois)<\/li>\n<\/ul>\n","protected":false},"excerpt":{"rendered":"<p>Stages de Licence\/Ing\u00e9nieur Adel ALLOUCHE et Sylia YACIA Jawad CHOUT Stages de master 1 recherche (M1R) Leila GUENNIF Stages de master 2 recherche (M2R) Hicham TALAOUBRID Ramzi RADDAOUI Bouzid AREZKI Soumia Zohra EL MASTARI Osama Abderrahaman GHARBI Saeid GHAZANFARISSHABANKAREH Anas<a class=\"moretag\" href=\"https:\/\/www-l2ti.univ-paris13.fr\/~mokraoui\/recherche\/encadrement\/stages\/\"> Read More<\/a><\/p>\n","protected":false},"author":1,"featured_media":0,"parent":564,"menu_order":1,"comment_status":"closed","ping_status":"closed","template":"","meta":[],"_links":{"self":[{"href":"https:\/\/www-l2ti.univ-paris13.fr\/~mokraoui\/wp-json\/wp\/v2\/pages\/30"}],"collection":[{"href":"https:\/\/www-l2ti.univ-paris13.fr\/~mokraoui\/wp-json\/wp\/v2\/pages"}],"about":[{"href":"https:\/\/www-l2ti.univ-paris13.fr\/~mokraoui\/wp-json\/wp\/v2\/types\/page"}],"author":[{"embeddable":true,"href":"https:\/\/www-l2ti.univ-paris13.fr\/~mokraoui\/wp-json\/wp\/v2\/users\/1"}],"replies":[{"embeddable":true,"href":"https:\/\/www-l2ti.univ-paris13.fr\/~mokraoui\/wp-json\/wp\/v2\/comments?post=30"}],"version-history":[{"count":60,"href":"https:\/\/www-l2ti.univ-paris13.fr\/~mokraoui\/wp-json\/wp\/v2\/pages\/30\/revisions"}],"predecessor-version":[{"id":1055,"href":"https:\/\/www-l2ti.univ-paris13.fr\/~mokraoui\/wp-json\/wp\/v2\/pages\/30\/revisions\/1055"}],"up":[{"embeddable":true,"href":"https:\/\/www-l2ti.univ-paris13.fr\/~mokraoui\/wp-json\/wp\/v2\/pages\/564"}],"wp:attachment":[{"href":"https:\/\/www-l2ti.univ-paris13.fr\/~mokraoui\/wp-json\/wp\/v2\/media?parent=30"}],"curies":[{"name":"wp","href":"https:\/\/api.w.org\/{rel}","templated":true}]}}