{"id":28,"date":"2019-06-17T10:09:18","date_gmt":"2019-06-17T08:09:18","guid":{"rendered":"http:\/\/localhost\/wordpress\/?page_id=28"},"modified":"2024-02-15T16:19:12","modified_gmt":"2024-02-15T15:19:12","slug":"phd-students","status":"publish","type":"page","link":"https:\/\/www-l2ti.univ-paris13.fr\/~mokraoui\/recherche\/encadrement\/phd-students\/","title":{"rendered":"THESES"},"content":{"rendered":"\n<h2>Th\u00e8ses en cours<\/h2>\n\n\n\n<h4> [1]   Kra Tchimbie Cyrille Landry KOFFI <\/h4>\n\n\n\n<ul>\n<li><strong>Sujet :<\/strong> Optimisation de la qualit\u00e9 vid\u00e9o \u00e0 l\u2019encodage et au d\u00e9codage bas\u00e9e Intelligence Artificielle (CIFRE VITEC)<\/li>\n\n\n\n<li><strong>Directrice de th\u00e8se :<\/strong> A. MOKRAOUI <\/li>\n\n\n\n<li><strong>Date de d\u00e9but : <\/strong>Janvier 2024<\/li>\n<\/ul>\n\n\n\n<ul><\/ul>\n\n\n\n<h4> [2]   Hicham TALAOUBRID <\/h4>\n\n\n\n<ul>\n<li><strong>Sujet :<\/strong> D\u00e9tection d'objets dans des images a\u00e9riennes en r\u00e9gime few-shot<\/li>\n\n\n\n<li><strong>Directeurs de th\u00e8se : <\/strong>A. MOKRAOUI, I. BEN AYED (ETS, Montr\u00e9al)<\/li>\n\n\n\n<li><strong>Date de d\u00e9but : <\/strong>1 octobre 2023<\/li>\n<\/ul>\n\n\n\n<h4> [3]  Arezki BOUZID<strong> <\/strong><\/h4>\n\n\n\n<ul>\n<li><strong>Sujet : <\/strong>R\u00e9duction de la redondance temporelle bas\u00e9e apprentissage<br> profond pour l\u2019optimisation du compromis d\u00e9bit-distorsion (Allocation  de recherche)<\/li>\n\n\n\n<li><strong>Directeurs de th\u00e8se : <\/strong>A. MOKRAOUI, F. FENG (L2TI)<\/li>\n\n\n\n<li><strong>Date de d\u00e9but  : <\/strong>1 octobre 2021<\/li>\n<\/ul>\n\n\n\n<h2>Th\u00e8ses soutenues<\/h2>\n\n\n\n<h4> [1] Pierre LE JEUNE<strong> <\/strong><\/h4>\n\n\n\n<ul>\n<li><strong>Sujet :  <\/strong>Object Detection in Aerial Images in Scarce Data Regimes (CIFRE COSE) <\/li>\n\n\n\n<li><strong>Directeurs de th\u00e8se : <\/strong>A. MOKRAOUI<\/li>\n\n\n\n<li><strong>Date de soutenance : <\/strong>3 octobre 2023<\/li>\n<\/ul>\n\n\n\n<h4> [2] <strong>Ouahbi REKIK <\/strong><\/h4>\n\n\n\n<ul>\n<li><strong>Sujet :<\/strong> &nbsp;Conception et performances limites pour les futurs r\u00e9cepteurs mobiles&nbsp;<\/li>\n\n\n\n<li><strong>Directeurs de th\u00e8se : <\/strong>A. MOKRAOUI, Karim ABED-MERAIM (Universit\u00e9  d'Orl\u00e9ans, Laboratoire PRISME)<\/li>\n\n\n\n<li><strong>Date de soutenance : <\/strong>8 juillet 2021<\/li>\n<\/ul>\n\n\n\n<h4>[3] <strong>Mustafa OTHMAN<\/strong><\/h4>\n\n\n\n<ul>\n<li><strong>Sujet : <\/strong>D\u00e9veloppement de m\u00e9canismes d\u2019adaptation de transmission de flux vid\u00e9o bas\u00e9s sur des m\u00e9triques objectives pour une meilleure QoE selon le contexte du r\u00e9seau&nbsp;<\/li>\n\n\n\n<li><strong>Directeurs de th\u00e8se : <\/strong>A. MOKRAOUI et K. CHEN (L2TI)<\/li>\n\n\n\n<li><strong>Date de soutenance<\/strong> : 22 juin 2021<\/li>\n<\/ul>\n\n\n\n<h4> [4] <strong>Imen KADRI <\/strong><\/h4>\n\n\n\n<ul>\n<li><strong>Sujet :<\/strong> Codage d'images st\u00e9r\u00e9oscopiques par apprentissage&nbsp;<\/li>\n\n\n\n<li><strong>Directeurs de th\u00e8se <\/strong>: A. MOKRAOUI, G. DAUPHIN (L2TI), Z. LACHIRI (ENIT, Tunisie)<\/li>\n\n\n\n<li><strong>Date de soutenance<\/strong>  : 13 juillet 2020<\/li>\n<\/ul>\n\n\n\n<h4> [5] <strong>Abdelhamid LADAYCIA <\/strong><\/h4>\n\n\n\n<ul>\n<li><strong>Sujet :<\/strong> &nbsp;Annulation d\u2019interf\u00e9rences dans les syst\u00e8mes massifs MIMO&nbsp;<\/li>\n\n\n\n<li><strong>Directeurs de th\u00e8se :<\/strong> A. MOKRAOUI, K. ABED-MERAIM (Universit\u00e9 D'Orl\u00e9ans, PRISME\u00b0, A. BELOUCHRANI (polytechnique Alger)<\/li>\n\n\n\n<li><strong>Date de<\/strong> <strong>soutenance<\/strong> : 1er juillet 2019<\/li>\n<\/ul>\n\n\n\n<h4> [6] <strong>Ba Chien THAI<\/strong><\/h4>\n\n\n\n<ul>\n<li><strong>Sujet :<\/strong> &nbsp;Mise en correspondance tonale d\u2019images \u00e0 grande gamme dynamique (images HDR)&nbsp;<\/li>\n\n\n\n<li><strong>Directeurs de th\u00e8se : <\/strong>A. MOKRAOUI, B. MATEI (LIPN)<\/li>\n\n\n\n<li><strong>Date de<\/strong> <strong>soutenance<\/strong> : 17 d\u00e9cembre 2018<\/li>\n<\/ul>\n\n\n\n<h4> [7] <strong>Aysha KADAIKAR<\/strong> <\/h4>\n\n\n\n<ul>\n<li><strong>Sujet:<\/strong> Optimisation du compromis d\u00e9bit-distorsion pour le codage d\u2019images st\u00e9r\u00e9oscopiques utilisant une m\u00e9trique conjointe entropie-distorsion&nbsp;<\/li>\n\n\n\n<li><strong>Directeurs de th\u00e8se : <\/strong>A. MOKRAOUI, G. DAUPHIN (L2TI)<\/li>\n\n\n\n<li><strong>Date de<\/strong> <strong>soutenance<\/strong> : 22 novembre 2017<\/li>\n<\/ul>\n\n\n\n<h4> [8] <strong>Cong Luong NGUYEN<\/strong> <\/h4>\n\n\n\n<ul>\n<li> <strong>Sujet :<\/strong> Synchronisation robuste de stations mobiles de type 802.11n&nbsp;<\/li>\n\n\n\n<li><strong>Directeurs de th\u00e8se <\/strong> :  A. MOKRAOUI, P. DUHAMEL (L2SS, Suepelc) , J.-P. ASTRUC (L2TI)<\/li>\n\n\n\n<li><strong>Date de<\/strong> <strong>soutenance<\/strong> : 28 mai 2014  <\/li>\n<\/ul>\n\n\n\n<h4> [9] <strong>Zahira HADDAD<\/strong><\/h4>\n\n\n\n<ul>\n<li><strong>Sujet : &nbsp;<\/strong>Compression d\u2019empreintes digitales par ondelettes orient\u00e9es&nbsp;<\/li>\n\n\n\n<li><strong>Directeurs de th\u00e8se  : <\/strong> A. MOKRAOUI, A. BEGHDADI (L2TI), A. SERIR (USTHB, Alger)<\/li>\n\n\n\n<li><strong>Date de<\/strong> <strong>soutenance :<\/strong> 1 d\u00e9cembre 2011  <\/li>\n<\/ul>\n\n\n\n<h4> [10] <strong>Zied JAOUA<\/strong> <\/h4>\n\n\n\n<ul>\n<li><strong>Sujet :<\/strong> T\u00e9l\u00e9chargement robuste de pages HTML dans un environnement radio-mobile&nbsp;<\/li>\n\n\n\n<li><strong>Directeurs de th\u00e8se<\/strong> : A. MOKRAOUI, P. DUHAMEL (L2SS, Supelec), J.-P. ASTRUC (L2TI)<\/li>\n\n\n\n<li><strong>Date de<\/strong> <strong>soutenance<\/strong> : 7 octobre 2010<\/li>\n<\/ul>\n\n\n\n<h4> [11] <strong>Vianney MUNOZ-JIMENEZ<\/strong><\/h4>\n\n\n\n<ul>\n<li> <strong>Sujet :<\/strong> Estimation de mouvement par maillage d\u00e9formable de mouvement par maillage d\u00e9formable pour des applications de vid\u00e9o conf\u00e9rences \u00e0 tr\u00e8s bas d\u00e9bit de transmission&nbsp;<\/li>\n\n\n\n<li><strong>Directeurs de th\u00e8se  : <\/strong>A. MOKRAOUI, J.-P. ASTRUC (L2TI)<\/li>\n\n\n\n<li><strong>Date de<\/strong> <strong>soutenance<\/strong> : 6 juillet 2010<\/li>\n<\/ul>\n\n\n\n<h4> [12] <strong>Najat CHIHAB<\/strong> <\/h4>\n\n\n\n<ul>\n<li> <strong>Sujet :<\/strong> Repr\u00e9sentation des donn\u00e9es irr\u00e9guli\u00e8rement espac\u00e9es par des fonctions B-splines non-uniformes&nbsp;<\/li>\n\n\n\n<li><strong>Directeurs de th\u00e8se :<\/strong> A. MOKRAOUI, J.-P. ASTRUC (L2TI)<\/li>\n\n\n\n<li><strong>Date de<\/strong> <strong>soutenance<\/strong> :  22 d\u00e9cembre 2005 <\/li>\n<\/ul>\n","protected":false},"excerpt":{"rendered":"<p>Th\u00e8ses en cours [1] Kra Tchimbie Cyrille Landry KOFFI [2] Hicham TALAOUBRID [3] Arezki BOUZID Th\u00e8ses soutenues [1] Pierre LE JEUNE [2] Ouahbi REKIK [3] Mustafa OTHMAN [4] Imen KADRI [5] Abdelhamid LADAYCIA [6] Ba Chien THAI [7] Aysha KADAIKAR<a class=\"moretag\" href=\"https:\/\/www-l2ti.univ-paris13.fr\/~mokraoui\/recherche\/encadrement\/phd-students\/\"> Read More<\/a><\/p>\n","protected":false},"author":1,"featured_media":0,"parent":564,"menu_order":0,"comment_status":"closed","ping_status":"closed","template":"","meta":[],"_links":{"self":[{"href":"https:\/\/www-l2ti.univ-paris13.fr\/~mokraoui\/wp-json\/wp\/v2\/pages\/28"}],"collection":[{"href":"https:\/\/www-l2ti.univ-paris13.fr\/~mokraoui\/wp-json\/wp\/v2\/pages"}],"about":[{"href":"https:\/\/www-l2ti.univ-paris13.fr\/~mokraoui\/wp-json\/wp\/v2\/types\/page"}],"author":[{"embeddable":true,"href":"https:\/\/www-l2ti.univ-paris13.fr\/~mokraoui\/wp-json\/wp\/v2\/users\/1"}],"replies":[{"embeddable":true,"href":"https:\/\/www-l2ti.univ-paris13.fr\/~mokraoui\/wp-json\/wp\/v2\/comments?post=28"}],"version-history":[{"count":52,"href":"https:\/\/www-l2ti.univ-paris13.fr\/~mokraoui\/wp-json\/wp\/v2\/pages\/28\/revisions"}],"predecessor-version":[{"id":1053,"href":"https:\/\/www-l2ti.univ-paris13.fr\/~mokraoui\/wp-json\/wp\/v2\/pages\/28\/revisions\/1053"}],"up":[{"embeddable":true,"href":"https:\/\/www-l2ti.univ-paris13.fr\/~mokraoui\/wp-json\/wp\/v2\/pages\/564"}],"wp:attachment":[{"href":"https:\/\/www-l2ti.univ-paris13.fr\/~mokraoui\/wp-json\/wp\/v2\/media?parent=28"}],"curies":[{"name":"wp","href":"https:\/\/api.w.org\/{rel}","templated":true}]}}