{"id":2,"date":"2019-06-14T11:31:12","date_gmt":"2019-06-14T09:31:12","guid":{"rendered":"http:\/\/localhost\/wordpress\/?page_id=2"},"modified":"2022-12-18T19:55:56","modified_gmt":"2022-12-18T18:55:56","slug":"page-d-exemple","status":"publish","type":"page","link":"https:\/\/www-l2ti.univ-paris13.fr\/~mokraoui\/page-d-exemple\/","title":{"rendered":"Curriculum Vit\u00e6"},"content":{"rendered":"\n<h2>Synth\u00e8se de ma carri\u00e8re<\/h2>\n\n\n\n<p>Je suis actuellement directrice du laboratoire <a rel=\"noreferrer noopener\" aria-label=\"L2TI (s\u2019ouvre dans un nouvel onglet)\" href=\"https:\/\/www-l2ti.univ-paris13.fr\" target=\"_blank\">L2TI<\/a> (UR 3043). Je suis aussi responsable scientifique de l'<a rel=\"noreferrer noopener\" aria-label=\"\u00e9quipe \u00ab multim\u00e9dia \u00bb (s\u2019ouvre dans un nouvel onglet)\" href=\"https:\/\/www-l2ti.univ-paris13.fr\/index.php\/equipes\/multimedias\/\" target=\"_blank\">\u00e9quipe \u00ab multim\u00e9dia \u00bb<\/a> de ce laboratoire et  co-responsable de l'axe 1 \u00ab optimisation et apprentissage appliqu\u00e9s aux contenus num\u00e9riques \u00bb de la F\u00e9d\u00e9ration de Recherche Math-STIC  (FR 3734 CNRS). <\/p>\n\n\n\n<p>Mes premiers travaux  de recherche ont d\u00e9marr\u00e9 en 1992 dans le cadre de  ^mon doctorat sur les probl\u00e8mes d\u2019implantation d\u2019algorithmes rapides de filtrage \u00e0 r\u00e9ponse impulsionnelle finie sur les processeurs sp\u00e9cialis\u00e9s en traitement du signal (DSP). Ces travaux ont \u00e9t\u00e9 d\u00e9velopp\u00e9s au sein de l'Institut National des T\u00e9l\u00e9communications (INT, Evry) en collaboration avec l'Ecole Nationale des T\u00e9l\u00e9communications (ENST, Paris). Apr\u00e8s avoir obtenu le grade de docteur, j\u2019ai occup\u00e9 un emploi d\u2019ATER \u00e0 plein temps \u00e0 l\u2019universit\u00e9 Paris 13 au sein de l\u2019institut Galil\u00e9e de 1995 \u00e0 1997.<\/p>\n\n\n\n<p>En septembre 1997, j'ai \u00e9t\u00e9 recrut\u00e9e  sur un poste de ma\u00eetre de conf\u00e9rences (section 61) \u00e0 l\u2019universit\u00e9 Paris 13 au sein de l\u2019institut Galil\u00e9e. L\u2019une de mes principales missions a \u00e9t\u00e9 de participer au projet de cr\u00e9ation d\u2019un laboratoire de recherche dans le domaine des STIC sur des th\u00e9matiques en lien avec \u00ab le traitement des images \u00bb et les  \u00ab r\u00e9seaux informatiques \u00bb.  Dans ce contexte particulier, j'ai lanc\u00e9 ma propre th\u00e9matique de recherche sur la \u00ab compression d'images fixes \u00bb. Le Laboratoire appel\u00e9 Laboratoire de Traitement et Transport de l'Information (L2TI), a \u00e9t\u00e9  cr\u00e9\u00e9 en 1998 tout d'abor par l'universit\u00e9 puis labellis\u00e9 comme Equipe d\u2019Accueil (EA 3043) par le Minist\u00e8re de l\u2019Education Nationale, de la Recherche, de la Jeunesse et du Sport en 1999. Depuis, mes activit\u00e9s de recherche se sont diversifi\u00e9es et enrichies au sein de ce laboratoire.<\/p>\n\n\n\n<p>De septembre 2005 \u00e0 ao\u00fbt 2007, j\u2019ai b\u00e9n\u00e9fici\u00e9 d'un accueil en d\u00e9l\u00e9gation aupr\u00e8s du CNRS au sein de l\u2019\u00e9quipe \u00ab signal pour les communications \u00bb du Laboratoire Signaux et Syst\u00e8mes (LSS) de Supelec \u00e0 Gif sur Yvette. J'ai d\u00e9velopp\u00e9 de nouvelles th\u00e9matiques de recherche de codage\/d\u00e9codage conjoint source-canal-protocole pour la transmission robuste dans un environnement radio-mobile.  Mes diverses activit\u00e9s de recherche m'ont permis de passer mon habilitation \u00e0 diriger des recherches en 2011.<\/p>\n\n\n\n<p>En septembre 2013, j'ai \u00e9t\u00e9 recrut\u00e9e  sur un poste de professeur \u00e0 l'universit\u00e9 Paris 13 (section 61) et affect\u00e9e \u00e0 l'institut Galil\u00e9e. Depuis, j'ai d\u00e9velopp\u00e9 au sein de l'\u00e9quipe \u00ab ATIV \u00bb (Analyse et Traitement de l'Information Visuelle) du L2TI plusieurs th\u00e9matiques de recherche qui s'inscrivent dans le domaine du multim\u00e9dia sur lesquelles j'ai encadr\u00e9 plusieurs  doctorants  et stagiaires.  Les solutions  propos\u00e9es, pour la transmission robuste,  s'appuient sur des strat\u00e9gies de codage\/d\u00e9codage conjointes source-canal-protocole. Dans ce contexte, j'ai trait\u00e9 les probl\u00e8mes de synchronisation (temporelle et fr\u00e9quentielle) robuste de stations mobiles, l'annulation d'interf\u00e9rences dans les syst\u00e8mes massifs MIMO.  Je me suis int\u00e9ress\u00e9e \u00e9galement \u00e0 la mise en correspondance tonale d'images \u00e0 grande gamme dynamique (images HDR). J'ai aussi travaill\u00e9 sur les  probl\u00e8mes de codage source (images st\u00e9r\u00e9oscopiques), Des travaux,  conjoint avec un coll\u00e8gue de l'\u00e9quipe \u00ab r\u00e9seaux \u00bb, sur les m\u00e9canismes d\u2019adaptation de transmission de flux vid\u00e9o bas\u00e9s sur des m\u00e9triques de qualit\u00e9 objectives pour une meilleure QoE selon le contexte du r\u00e9seau ont permis de nouer une forte collaboration. <\/p>\n\n\n\n<p>J\u2019entretiens des collaborations scientifiques nationales et internationales. Je  participe \u00e0 des comit\u00e9s technique de programme et d\u2019organisation d'\u00e9v\u00e8nements scientifiques. Je suis sollicit\u00e9e r\u00e9guli\u00e8rement pour rapporter des articles de revues et de conf\u00e9rences internationales ainsi que des expertises scientifiques. Je suis par ailleurs r\u00e9guli\u00e8rement sollicit\u00e9e pour participer \u00e0 des jurys de th\u00e8se\/HDR en tant que rapporteur et examinateur.<\/p>\n\n\n\n<p>Quant \u00e0 mon activit\u00e9 d\u2019enseignement, d\u00e8s mon arriv\u00e9e \u00e0 l\u2019universit\u00e9 je me suis investie dans le montage de plusieurs nouveaux cours, TP et TD couvrant un domaine pluridisciplinaire et destin\u00e9s \u00e0 diff\u00e9rentes formations allant de la premi\u00e8re ann\u00e9e de DEUG (avant la r\u00e9forme LMD) au Master recherche. J\u2019ai \u00e9galement propos\u00e9 et encadr\u00e9 de nombreux projets, suivi plusieurs stages en industrie. <\/p>\n\n\n\n<p>J\u2019ai particip\u00e9 \u00e0 la mise en place des formations de master \u00e0 savoir le master \u00ab Images et R\u00e9seaux \u00bb (M-IR) puis le master \u00ab Ing\u00e9nierie et Innovation en Images et R\u00e9seaux  \u00bb (M-3IR). J\u2019ai d'ailleurs assur\u00e9 la responsabilit\u00e9 p\u00e9dagogique de la premi\u00e8re ann\u00e9e du M1-IR de 2007 \u00e0 2011, puis le M1-3IR de  2011 \u00e0 2018.  J'ai aussi assur\u00e9 la responsabilit\u00e9 p\u00e9dagogique du parcours \u00ab images \u00bb du M2-3IR  de 2016 \u00e0 2018.   De 2014 \u00e0 2017, j'ai assur\u00e9 la responsabilit\u00e9 des relations internationales du cycle master de l'institut Galil\u00e9e. J\u2019ai \u00e9galement \u00e9t\u00e9 responsable des stages en entreprise des formations de master (M2-3IR et M2-IR) et d'ing\u00e9nieurs en T\u00e9l\u00e9communications et R\u00e9seaux. <\/p>\n\n\n\n<p>Je participe r\u00e9guli\u00e8rement \u00e0 des comit\u00e9s de s\u00e9lection pour le recrutement d\u2019enseignants-chercheurs en tant que membre ext\u00e9rieur. Je suis aussi pleinement investie dans des t\u00e2ches collectives et administratives de l\u2019universit\u00e9. Je suis actuellement membre \u00e9lu de la commission d\u2019expert section 61, membre \u00e9lu de la commission de la recherche, membre \u00e9lu du conseil acad\u00e9mique, membre du conseil de l\u2019\u00e9cole doctorale GALILEE (ED 146), membre du conseil de laboratoire, membre du comit\u00e9 de direction de la FR Math-STIC. Je suis en charge du pilotage du projet de labellisation europ\u00e9enne \u00ab HRS4R \u00bb (Human Resources Strategy for Researchers).<\/p>\n\n\n\n<h3>Dipl\u00f4mes<\/h3>\n\n\n\n<ul><li> 2011 : Habilitation \u00e0 Diriger des Recherches (HDR), Universit\u00e9 Paris 13 <\/li><li> 1994 :  Doctorat en Sciences, Sp\u00e9cialit\u00e9 Electronique, de l'Universit\u00e9 Paris 11 (Institut National des T\u00e9l\u00e9communications (INT, Evry) en collaboration avec l\u2019Ecole Nationale des T\u00e9l\u00e9communications), Orsay <\/li><li> 1991 : Dipl\u00f4me d'Etudes Approfondies (DEA) en traitement de l'information et architectures des ordinateurs, Universit\u00e9 Paris 11, Orsay  <\/li><li>1989 : Dipl\u00f4me d'ing\u00e9nieurs en t\u00e9l\u00e9communications de l'Ecole Nationale de T\u00e9l\u00e9communications d'Alg\u00e9rie (ENITA)<\/li><\/ul>\n\n\n\n<h3>Exp\u00e9riences professionnelles<\/h3>\n\n\n\n<ul><li> Depuis septembre 2013 : Professeure  (section 61)  \u00e0  l\u2019universit\u00e9 Paris 13,  l\u2019institut Galil\u00e9e <\/li><li> 1997-2013 :  Ma\u00eetre de conf\u00e9rences (section 61) \u00e0 l\u2019universit\u00e9 Paris 13, institut Galil\u00e9e <\/li><li>  2005-2007 : Accueil en d\u00e9l\u00e9gation aupr\u00e8s du CNRS au sein de l\u2019\u00e9quipe \u00ab signal pour les communications \u00bb du Laboratoire Signaux et Syst\u00e8mes (LSS) de Supelec \u00e0 Gif sur Yvette  <\/li><li>1995-1997 : Attach\u00e9e Temporaire d'Enseignement et de Recherche (ATER), \u00e0 plein temps, \u00e0 l\u2019universit\u00e9 Paris 13, institut Galil\u00e9e<\/li><li>1994-1995 : Enseignant-chercheur vacataire (INT, EPITA, ESME Sudria, Universit\u00e9 Cergy Pontoise)<\/li><\/ul>\n","protected":false},"excerpt":{"rendered":"<p>Synth\u00e8se de ma carri\u00e8re Je suis actuellement directrice du laboratoire L2TI (UR 3043). Je suis aussi responsable scientifique de l'\u00e9quipe \u00ab multim\u00e9dia \u00bb de ce laboratoire et co-responsable de l'axe 1 \u00ab optimisation et apprentissage appliqu\u00e9s aux contenus num\u00e9riques \u00bb<a class=\"moretag\" href=\"https:\/\/www-l2ti.univ-paris13.fr\/~mokraoui\/page-d-exemple\/\"> Read More<\/a><\/p>\n","protected":false},"author":1,"featured_media":0,"parent":0,"menu_order":0,"comment_status":"closed","ping_status":"closed","template":"","meta":[],"_links":{"self":[{"href":"https:\/\/www-l2ti.univ-paris13.fr\/~mokraoui\/wp-json\/wp\/v2\/pages\/2"}],"collection":[{"href":"https:\/\/www-l2ti.univ-paris13.fr\/~mokraoui\/wp-json\/wp\/v2\/pages"}],"about":[{"href":"https:\/\/www-l2ti.univ-paris13.fr\/~mokraoui\/wp-json\/wp\/v2\/types\/page"}],"author":[{"embeddable":true,"href":"https:\/\/www-l2ti.univ-paris13.fr\/~mokraoui\/wp-json\/wp\/v2\/users\/1"}],"replies":[{"embeddable":true,"href":"https:\/\/www-l2ti.univ-paris13.fr\/~mokraoui\/wp-json\/wp\/v2\/comments?post=2"}],"version-history":[{"count":62,"href":"https:\/\/www-l2ti.univ-paris13.fr\/~mokraoui\/wp-json\/wp\/v2\/pages\/2\/revisions"}],"predecessor-version":[{"id":1006,"href":"https:\/\/www-l2ti.univ-paris13.fr\/~mokraoui\/wp-json\/wp\/v2\/pages\/2\/revisions\/1006"}],"wp:attachment":[{"href":"https:\/\/www-l2ti.univ-paris13.fr\/~mokraoui\/wp-json\/wp\/v2\/media?parent=2"}],"curies":[{"name":"wp","href":"https:\/\/api.w.org\/{rel}","templated":true}]}}